{"id":9,"date":"2015-01-13T22:30:17","date_gmt":"2015-01-13T22:30:17","guid":{"rendered":"http:\/\/andro.mikronation.de\/wordpress\/?page_id=9"},"modified":"2022-03-07T08:32:59","modified_gmt":"2022-03-07T07:32:59","slug":"grusswort-des-ministerpraesidenten","status":"publish","type":"page","link":"https:\/\/andro.mikronation.de\/wordpress\/","title":{"rendered":"Gru\u00dfwort des Ministerpr\u00e4sidenten"},"content":{"rendered":"<div class=\"alert alert-info alert-dismissible\"><button type=\"button\" class=\"close\" data-dismiss=\"alert\" aria-hidden=\"true\">&times;<\/button>Andro ist eine Micronation. Alle Inhalte sind fiktiv.<\/div>\n<h1>Dobrij djen w Androija!<\/h1>\n<p style=\"text-align: justify;\">Als Pr\u00e4sident der F\u00f6deralen Republik Andro ist es mir eine Ehre sie in meinem Land willkommen zu hei\u00dfen. Andro ist ein reiches Land, mit einer langen Geschichte und sehr gastfreundlichen Menschen.Tauchen sie ein, in die Kultur des gr\u00f6\u00dften Landes der Welt. Lassen sio sich verzaubern, von den Kornfeldern Korgowskas oder von den St\u00e4dten Mostowskajas und Wiltuwijas. Besonders ans Herz m\u00f6chte ich ihnen dabei Koskow legen, die Stadt in der schon vor Jahrhunderten die Zaren herrschten und in der nun das Herz unserer Republik liegt. Oder sie m\u00f6chten das eiskalte und mysteri\u00f6se Ribir besuchen, mit seinen geheimnisvollen Bewohnern. Oder sie landen am Ende in Almachistan, dem j\u00fcngsten Teil der Republik. Dort finden sie die legend\u00e4ren almachischen Pferde oder die Stammeskultur. Das Land ist, wie sie sehen werden voller nat\u00fcrlicher Sch\u00f6nheit. Sie werden Tiere sehen, die sie sonst nirgends zu Gesicht bekommen werden.<\/p>\n<p style=\"text-align: justify;\">Oder stellen sie gleich einen Einb\u00fcrgerungsantrag. Nehmen sie teil am politischen Leben, steigen sie auf in h\u00f6chste Ebenen, machen sie ihr Gl\u00fcck in der Wirtschaft und werden zu einem gro\u00dfen Oligarchen. Oder werden sie zu einem der m\u00e4chtigen Milit\u00e4rs, die teilweise ein gro\u00dfes politisches Gewicht besitzen.<\/p>\n<p style=\"text-align: justify;\">Daskorawa w Androija!<\/p>\n<p style=\"text-align: justify;\">Wladimir Michailjowitsch Saizew<br \/>\nI. President Federalnoi Respubliki Androija<\/p>\n","protected":false},"excerpt":{"rendered":"<p>Dobrij djen w Androija! Als Pr\u00e4sident der F\u00f6deralen Republik Andro ist es mir eine Ehre sie in meinem Land willkommen zu hei\u00dfen. Andro ist ein reiches Land, mit einer langen Geschichte und sehr gastfreundlichen Menschen.Tauchen sie ein, in die Kultur des gr\u00f6\u00dften Landes der Welt. Lassen sio sich verzaubern, von den Kornfeldern Korgowskas oder von [&hellip;]<\/p>\n","protected":false},"author":2,"featured_media":0,"parent":0,"menu_order":0,"comment_status":"closed","ping_status":"closed","template":"","meta":{"footnotes":""},"class_list":["post-9","page","type-page","status-publish","hentry"],"_links":{"self":[{"href":"https:\/\/andro.mikronation.de\/wordpress\/index.php?rest_route=\/wp\/v2\/pages\/9","targetHints":{"allow":["GET"]}}],"collection":[{"href":"https:\/\/andro.mikronation.de\/wordpress\/index.php?rest_route=\/wp\/v2\/pages"}],"about":[{"href":"https:\/\/andro.mikronation.de\/wordpress\/index.php?rest_route=\/wp\/v2\/types\/page"}],"author":[{"embeddable":true,"href":"https:\/\/andro.mikronation.de\/wordpress\/index.php?rest_route=\/wp\/v2\/users\/2"}],"replies":[{"embeddable":true,"href":"https:\/\/andro.mikronation.de\/wordpress\/index.php?rest_route=%2Fwp%2Fv2%2Fcomments&post=9"}],"version-history":[{"count":5,"href":"https:\/\/andro.mikronation.de\/wordpress\/index.php?rest_route=\/wp\/v2\/pages\/9\/revisions"}],"predecessor-version":[{"id":280,"href":"https:\/\/andro.mikronation.de\/wordpress\/index.php?rest_route=\/wp\/v2\/pages\/9\/revisions\/280"}],"wp:attachment":[{"href":"https:\/\/andro.mikronation.de\/wordpress\/index.php?rest_route=%2Fwp%2Fv2%2Fmedia&parent=9"}],"curies":[{"name":"wp","href":"https:\/\/api.w.org\/{rel}","templated":true}]}}