{"id":78,"date":"2015-01-18T15:55:15","date_gmt":"2015-01-18T15:55:15","guid":{"rendered":"http:\/\/andro.mikronation.de\/wordpress\/?page_id=78"},"modified":"2020-08-29T23:49:59","modified_gmt":"2020-08-29T23:49:59","slug":"ssu-andro","status":"publish","type":"page","link":"https:\/\/andro.mikronation.de\/wordpress\/?page_id=78","title":{"rendered":"SSU Andro"},"content":{"rendered":"<figure id=\"attachment_79\" aria-describedby=\"caption-attachment-79\" style=\"width: 172px\" class=\"wp-caption alignright\"><img decoding=\"async\" class=\"wp-image-79 size-full\" src=\"https:\/\/andro.mikronation.de\/wordpress\/wp-content\/uploads\/2015\/01\/ssu-andro.png\" alt=\"ssu-andro\" width=\"172\" height=\"172\" srcset=\"https:\/\/andro.mikronation.de\/wordpress\/wp-content\/uploads\/2015\/01\/ssu-andro.png 172w, https:\/\/andro.mikronation.de\/wordpress\/wp-content\/uploads\/2015\/01\/ssu-andro-150x150.png 150w\" sizes=\"(max-width: 172px) 100vw, 172px\" \/><figcaption id=\"caption-attachment-79\" class=\"wp-caption-text\">Wappen der SSU Andro<\/figcaption><\/figure>\n<p style=\"text-align: justify;\">Das neue System war Anfangs demokratisch, bis Aquatropolis korrpute Milit\u00e4rs zu einem Putsch \u00fcberreden konnte. F\u00fcr kurze Zeit Herrschte ein autorit\u00e4res System unter Borroljiew, welcher absolut loyal zum Gro\u00dfneptun war und Andro in den Krieg f\u00fchrte. Nach anf\u00e4nglichen Erfolgen, auch gegen Ascaarun, erlitt Andro mehr und mehr Niederlagen. Die gro\u00dfe Koalition aus Dreib\u00fcrgen, Neuenkirchen, Cordanien und vielen weiteren Staaten zwang Andro schlie\u00dflich zur Kapitulation. Heute ist Andro wieder eine Monarchie, allerdings eine parlamentarisch-demokratische, die aus den Fehlern der Vergangenheit gelernt hat.<\/p>\n","protected":false},"excerpt":{"rendered":"<p>Das neue System war Anfangs demokratisch, bis Aquatropolis korrpute Milit\u00e4rs zu einem Putsch \u00fcberreden konnte. F\u00fcr kurze Zeit Herrschte ein autorit\u00e4res System unter Borroljiew, welcher absolut loyal zum Gro\u00dfneptun war und Andro in den Krieg f\u00fchrte. Nach anf\u00e4nglichen Erfolgen, auch gegen Ascaarun, erlitt Andro mehr und mehr Niederlagen. Die gro\u00dfe Koalition aus Dreib\u00fcrgen, Neuenkirchen, Cordanien [&hellip;]<\/p>\n","protected":false},"author":2,"featured_media":0,"parent":0,"menu_order":0,"comment_status":"closed","ping_status":"open","template":"","meta":{"footnotes":""},"class_list":["post-78","page","type-page","status-publish","hentry"],"_links":{"self":[{"href":"https:\/\/andro.mikronation.de\/wordpress\/index.php?rest_route=\/wp\/v2\/pages\/78","targetHints":{"allow":["GET"]}}],"collection":[{"href":"https:\/\/andro.mikronation.de\/wordpress\/index.php?rest_route=\/wp\/v2\/pages"}],"about":[{"href":"https:\/\/andro.mikronation.de\/wordpress\/index.php?rest_route=\/wp\/v2\/types\/page"}],"author":[{"embeddable":true,"href":"https:\/\/andro.mikronation.de\/wordpress\/index.php?rest_route=\/wp\/v2\/users\/2"}],"replies":[{"embeddable":true,"href":"https:\/\/andro.mikronation.de\/wordpress\/index.php?rest_route=%2Fwp%2Fv2%2Fcomments&post=78"}],"version-history":[{"count":3,"href":"https:\/\/andro.mikronation.de\/wordpress\/index.php?rest_route=\/wp\/v2\/pages\/78\/revisions"}],"predecessor-version":[{"id":217,"href":"https:\/\/andro.mikronation.de\/wordpress\/index.php?rest_route=\/wp\/v2\/pages\/78\/revisions\/217"}],"wp:attachment":[{"href":"https:\/\/andro.mikronation.de\/wordpress\/index.php?rest_route=%2Fwp%2Fv2%2Fmedia&parent=78"}],"curies":[{"name":"wp","href":"https:\/\/api.w.org\/{rel}","templated":true}]}}