{"id":75,"date":"2015-01-18T15:50:21","date_gmt":"2015-01-18T15:50:21","guid":{"rendered":"http:\/\/andro.mikronation.de\/wordpress\/?page_id=75"},"modified":"2020-08-31T18:37:46","modified_gmt":"2020-08-31T18:37:46","slug":"zarenreich","status":"publish","type":"page","link":"https:\/\/andro.mikronation.de\/wordpress\/?page_id=75","title":{"rendered":"Zarenreich"},"content":{"rendered":"<p style=\"text-align: justify;\">1530 wurde dann Dimitri von Koskow zum ersten kaiserlichen Zaren ernannt, als Dimitri I. Er ersetze den alten k\u00f6niglichen Zaren, de\u00dfen Familie mit der Zeit immer schw\u00e4cher wurde. Von nun an herrschten die Sayzevs mit einem absolutistischen, tyrannischen System. Von 1530-1799 war Andro ziemlich ruhig. Expansionen nach Norden und Westen wurden von anderen V\u00f6lkern gestoppt. 1800 kam es zu einem Bauernaufstand, der mit der Reformation gleichzeitig einherlief, der allerdings scheiterte und viele Bauern fl\u00fcchten m\u00fc\u00dften. 1870 wurde das erste Parlament installiert, allerdings noch ohne Wahlrecht. Der Zar setze meist Adlige ein. Von 1885-1887 kam es zu einer gro\u00dfen Hungersnot und D\u00fcrreperiode, worauf viele Androsen das Land verlie\u00dfen. Um 1910 wurde die Sayzev Familie kurz von der Paschtunew Familie abgel\u00f6st, die aus Ribir stammte. Ab 1930 regierten die Familie Godunow bis 2007. Es kamm nach einer langen Zeit des Konservatismus,Willk\u00fcr, Stagnation, Inflation, H\u00fcngersn\u00f6ten und Mi\u00dfwirtschaft zu einer Revolution, die die Kommunisten gewannen.<\/p>\n<p style=\"text-align: justify;\"><i>Sayzew Familie<\/i><\/p>\n<ul style=\"text-align: justify;\" type=\"square\">\n<li>Dimitri I. der Kaiserliche 1530 &#8211; 1605<\/li>\n<li>Dimitri II. 1605 &#8211; 1676<\/li>\n<li>Dimitri III. 1676 &#8211; 1755<\/li>\n<li>Ivan I. 1755 &#8211; 1801<\/li>\n<li>Alexander I. der Schreckliche 1801 &#8211; 1869<\/li>\n<li>Ivan II. der Hilflose 1869 &#8211; 1875<\/li>\n<li>Peter I. 1875 &#8211; 1900<\/li>\n<li>Ivan III. 1900 &#8211; 1910<\/li>\n<\/ul>\n<p style=\"text-align: justify;\"><i>Paschtunew Familie<\/i><\/p>\n<ul style=\"text-align: justify;\" type=\"square\">\n<li>Paschtunew I. der Unbekannte 1910 &#8211; 1930<\/li>\n<\/ul>\n<p style=\"text-align: justify;\"><i>Godunow Familie<\/i><\/p>\n<ul type=\"square\">\n<li style=\"text-align: justify;\">Vladimir I. 1930 &#8211; 1950<\/li>\n<li style=\"text-align: justify;\">Vladimir II. 1950 &#8211; 2007<\/li>\n<\/ul>\n","protected":false},"excerpt":{"rendered":"<p>1530 wurde dann Dimitri von Koskow zum ersten kaiserlichen Zaren ernannt, als Dimitri I. Er ersetze den alten k\u00f6niglichen Zaren, de\u00dfen Familie mit der Zeit immer schw\u00e4cher wurde. Von nun an herrschten die Sayzevs mit einem absolutistischen, tyrannischen System. Von 1530-1799 war Andro ziemlich ruhig. Expansionen nach Norden und Westen wurden von anderen V\u00f6lkern gestoppt. [&hellip;]<\/p>\n","protected":false},"author":2,"featured_media":0,"parent":0,"menu_order":0,"comment_status":"closed","ping_status":"open","template":"","meta":{"footnotes":""},"class_list":["post-75","page","type-page","status-publish","hentry"],"_links":{"self":[{"href":"https:\/\/andro.mikronation.de\/wordpress\/index.php?rest_route=\/wp\/v2\/pages\/75","targetHints":{"allow":["GET"]}}],"collection":[{"href":"https:\/\/andro.mikronation.de\/wordpress\/index.php?rest_route=\/wp\/v2\/pages"}],"about":[{"href":"https:\/\/andro.mikronation.de\/wordpress\/index.php?rest_route=\/wp\/v2\/types\/page"}],"author":[{"embeddable":true,"href":"https:\/\/andro.mikronation.de\/wordpress\/index.php?rest_route=\/wp\/v2\/users\/2"}],"replies":[{"embeddable":true,"href":"https:\/\/andro.mikronation.de\/wordpress\/index.php?rest_route=%2Fwp%2Fv2%2Fcomments&post=75"}],"version-history":[{"count":1,"href":"https:\/\/andro.mikronation.de\/wordpress\/index.php?rest_route=\/wp\/v2\/pages\/75\/revisions"}],"predecessor-version":[{"id":76,"href":"https:\/\/andro.mikronation.de\/wordpress\/index.php?rest_route=\/wp\/v2\/pages\/75\/revisions\/76"}],"wp:attachment":[{"href":"https:\/\/andro.mikronation.de\/wordpress\/index.php?rest_route=%2Fwp%2Fv2%2Fmedia&parent=75"}],"curies":[{"name":"wp","href":"https:\/\/api.w.org\/{rel}","templated":true}]}}