{"id":32,"date":"2015-01-14T18:38:42","date_gmt":"2015-01-14T18:38:42","guid":{"rendered":"http:\/\/andro.mikronation.de\/wordpress\/?page_id=32"},"modified":"2020-08-29T23:42:10","modified_gmt":"2020-08-29T23:42:10","slug":"mostowskaja","status":"publish","type":"page","link":"https:\/\/andro.mikronation.de\/wordpress\/?page_id=32","title":{"rendered":"Mostowskaja"},"content":{"rendered":"<p>Mostowskaja ist die kulturelle und politische Wiege Andros. Im Herzen liegt Koskow, die Landeshauptstadt und seit 500 Jahren Zentrum der Macht, zun\u00e4chst unter den Zaren, w\u00e4hrend der Wirren der kommunistischen Revolution, der Re-Institutionalisierung des Zarentums unter dem Schein der demokratisch-parlamentarischen Monarchie und der j\u00fcngsten Republik, mit der es endlich angekommen ist im neuen Jahrzehnt des 21. Jahrhunderts.<\/p>\n<p>Erste \u00dcberlieferungen weisen auf den Stamm der Mostowiten hin, einem hegemonial orientierten Nomadenstamm mit ersten Erscheinungen der Sesshaftwerdung um das Jahr 500. Der strategisch g\u00fcnstigen Lage am Fluss Dunab verdankten sie ihren raschen Aufstieg und die Erweiterung ihres Territoriums.<br \/>\nDer Name Andro stammt von F\u00fcrsten Mirkow, der sich um 900 zum ersten allandroischen Zaren kr\u00f6nte. Jedoch wurde das ganze Land als sollches noch nicht als Andro tituliert.<br \/>\nAb 1100 eroberte man das karolische Reich und f\u00f6rderte die Viltuvijer als neue Herrscher dort. 1334 wurde Korgowska in einer Personalunion gebunden. Mostowskaja ging ebenso eine Union mit Krolock ein um einen Krieg zu vermeiden, da Krolock ein m\u00e4chtiges Land war. Als die Spannungen stiegen, wurde die Union 1450 gel\u00f6st und 1455 entluden sich die Probleme in den Waronenkrieg. Keine Macht ging direkt als Sieger hervor, aber da Krolock nicht klar gewann, wurden die anderen F\u00fcrstent\u00fcmer auf eine gewisse Schw\u00e4che aufmerksam.<br \/>\nMit dem neuen Erst\u00e4rken wandelte der k\u00f6nigliche Zar Archanowski I. 1501 seinen Titel in Imperator. Erster &#8222;Kaiserlicher Zar, Autokrat und Imperator&#8220; wurde sein Nachfolger Dimitri I. um 1530. Archanowski generierte automatisch einen neuen Titel, der als allumfassend galt. &#8222;Der Androsische&#8220; bzw. &#8222;Der Androische&#8220; gilt als Synonym f\u00fcr die Einheit und die Zusammenfassung der L\u00e4nder.<br \/>\nMostowskaja dehnte seinen Einfluss immer weiter aus, gewann Ribir f\u00fcr sich und bezwang Krolock in einem \u00fcber die Jahrhunderte andauernden Krieg langsam nieder. Mostowskajer besetzen wichtige \u00c4mter in allen F\u00fcrstent\u00fcmern und die Boyaren und Knjaze waren dem Zaren treu ergeben.<br \/>\nDie Revolution vom Januar 2007 brachte keine gro\u00dfe verwaltungspolitischen Neuerungen, insofern nach wie vor Mostowskaja und Koskow den Takt angaben und mostowskaische Beamte in allen Gebieten des Landes sa\u00dfen.<br \/>\nVersuche, Andro in Mostowskaja umzubenennen, scheiterten bisher, am Widerstand aller V\u00f6lker. Dennoch bleibt die Provinz Indikator, Vordenker und Ansager f\u00fcr alle anderen.<\/p>\n<p>Im Zuge der F\u00f6deralismusreform trat die autonome Republik Maavetta der Provinz bei.<\/p>\n","protected":false},"excerpt":{"rendered":"<p>Mostowskaja ist die kulturelle und politische Wiege Andros. Im Herzen liegt Koskow, die Landeshauptstadt und seit 500 Jahren Zentrum der Macht, zun\u00e4chst unter den Zaren, w\u00e4hrend der Wirren der kommunistischen Revolution, der Re-Institutionalisierung des Zarentums unter dem Schein der demokratisch-parlamentarischen Monarchie und der j\u00fcngsten Republik, mit der es endlich angekommen ist im neuen Jahrzehnt des [&hellip;]<\/p>\n","protected":false},"author":2,"featured_media":0,"parent":0,"menu_order":0,"comment_status":"open","ping_status":"open","template":"","meta":{"footnotes":""},"class_list":["post-32","page","type-page","status-publish","hentry"],"_links":{"self":[{"href":"https:\/\/andro.mikronation.de\/wordpress\/index.php?rest_route=\/wp\/v2\/pages\/32","targetHints":{"allow":["GET"]}}],"collection":[{"href":"https:\/\/andro.mikronation.de\/wordpress\/index.php?rest_route=\/wp\/v2\/pages"}],"about":[{"href":"https:\/\/andro.mikronation.de\/wordpress\/index.php?rest_route=\/wp\/v2\/types\/page"}],"author":[{"embeddable":true,"href":"https:\/\/andro.mikronation.de\/wordpress\/index.php?rest_route=\/wp\/v2\/users\/2"}],"replies":[{"embeddable":true,"href":"https:\/\/andro.mikronation.de\/wordpress\/index.php?rest_route=%2Fwp%2Fv2%2Fcomments&post=32"}],"version-history":[{"count":1,"href":"https:\/\/andro.mikronation.de\/wordpress\/index.php?rest_route=\/wp\/v2\/pages\/32\/revisions"}],"predecessor-version":[{"id":33,"href":"https:\/\/andro.mikronation.de\/wordpress\/index.php?rest_route=\/wp\/v2\/pages\/32\/revisions\/33"}],"wp:attachment":[{"href":"https:\/\/andro.mikronation.de\/wordpress\/index.php?rest_route=%2Fwp%2Fv2%2Fmedia&parent=32"}],"curies":[{"name":"wp","href":"https:\/\/api.w.org\/{rel}","templated":true}]}}