{"id":252,"date":"2020-08-31T18:36:18","date_gmt":"2020-08-31T18:36:18","guid":{"rendered":"http:\/\/andro.mikronation.de\/wordpress\/?page_id=252"},"modified":"2020-08-31T18:36:19","modified_gmt":"2020-08-31T18:36:19","slug":"androsijskij-arktitscheskij-sektor","status":"publish","type":"page","link":"https:\/\/andro.mikronation.de\/wordpress\/?page_id=252","title":{"rendered":"Androsijskij Arktitscheskij Sektor"},"content":{"rendered":"<p>Der &#8222;Androische&#8220; Arktissektor wird vom 85\u00b0 \u00f6stlicher L\u00e4nge und 155\u00b0 \u00f6stlicher L\u00e4nge, sowie vom 80\u00b0 n\u00f6rdlicher Breite begrenzt. Dieses Gebiet wird nach Ma\u00dfgabe der androischen Gesetze zum Zwecke wissenschaftlicher Forschung, milit\u00e4rischer \u00dcbungen und in streng begrenztem Umfang wirtschaftlich genutzt.<\/p>\n","protected":false},"excerpt":{"rendered":"<p>Der &#8222;Androische&#8220; Arktissektor wird vom 85\u00b0 \u00f6stlicher L\u00e4nge und 155\u00b0 \u00f6stlicher L\u00e4nge, sowie vom 80\u00b0 n\u00f6rdlicher Breite begrenzt. Dieses Gebiet wird nach Ma\u00dfgabe der androischen Gesetze zum Zwecke wissenschaftlicher Forschung, milit\u00e4rischer \u00dcbungen und in streng begrenztem Umfang wirtschaftlich genutzt.<\/p>\n","protected":false},"author":2,"featured_media":0,"parent":0,"menu_order":0,"comment_status":"closed","ping_status":"closed","template":"","meta":{"footnotes":""},"class_list":["post-252","page","type-page","status-publish","hentry"],"_links":{"self":[{"href":"https:\/\/andro.mikronation.de\/wordpress\/index.php?rest_route=\/wp\/v2\/pages\/252","targetHints":{"allow":["GET"]}}],"collection":[{"href":"https:\/\/andro.mikronation.de\/wordpress\/index.php?rest_route=\/wp\/v2\/pages"}],"about":[{"href":"https:\/\/andro.mikronation.de\/wordpress\/index.php?rest_route=\/wp\/v2\/types\/page"}],"author":[{"embeddable":true,"href":"https:\/\/andro.mikronation.de\/wordpress\/index.php?rest_route=\/wp\/v2\/users\/2"}],"replies":[{"embeddable":true,"href":"https:\/\/andro.mikronation.de\/wordpress\/index.php?rest_route=%2Fwp%2Fv2%2Fcomments&post=252"}],"version-history":[{"count":1,"href":"https:\/\/andro.mikronation.de\/wordpress\/index.php?rest_route=\/wp\/v2\/pages\/252\/revisions"}],"predecessor-version":[{"id":253,"href":"https:\/\/andro.mikronation.de\/wordpress\/index.php?rest_route=\/wp\/v2\/pages\/252\/revisions\/253"}],"wp:attachment":[{"href":"https:\/\/andro.mikronation.de\/wordpress\/index.php?rest_route=%2Fwp%2Fv2%2Fmedia&parent=252"}],"curies":[{"name":"wp","href":"https:\/\/api.w.org\/{rel}","templated":true}]}}