{"id":246,"date":"2020-08-31T18:37:32","date_gmt":"2020-08-31T18:37:32","guid":{"rendered":"http:\/\/andro.mikronation.de\/wordpress\/?page_id=246"},"modified":"2020-08-31T18:37:59","modified_gmt":"2020-08-31T18:37:59","slug":"ribir","status":"publish","type":"page","link":"https:\/\/andro.mikronation.de\/wordpress\/?page_id=246","title":{"rendered":"Ribir"},"content":{"rendered":"<p>Die Geschichte beginnt im sechsten Jahrhundert, als nomadisierende St\u00e4mme beginnen sich im heutigen Ribirskia niederzulassen. Durch einige Kriege mit dem im S\u00fcden lebenden Krolockern verlagerte sich die Grenze etwas weiter ins Landesinnere. Nach und nach ensteht ein Hierarchisches System mit dem Stammesf\u00fcrsten als Oberhaupt. Der erste Stammesf\u00fcrst war Nikolaj (854-930). Es enstehen verschiedene Familien, welche sp\u00e4ter den ribirskischen Adel bilden. Diese ernennen 1578 einen gewissen Piotr von Bailow zum ersten ribirskischen Herrscher. Dieser begr\u00fcndet die Dynastie der Bailows. Nach der Heirat Maria-Aleksandras von Gischtabat, entsteht das Geschlecht der Gischtabat-Bailow. Am 5. Januar 1632 wird der erste F\u00fcrst aus dem Hause Gischtabat-Bailow Herrscher \u00fcber Ribirskia. Unter dem Namen Nikolaus-Alexander f\u00fchrt er Gischtabat in ein goldenes Zeitalter, die Wirtschaft sowie die Kultur und auch die Politik boomen. Im Jahre 1864 wird Ribir dem Zaren als Dank f\u00fcr die Unterst\u00fctzung im Krieg gegen die Barbaren aus dem Norden, geschenkt dieser jedoch, zu tiefst geehrt, \u00fcberl\u00e4sst den Bailows das Gebiet und entscheidet sich zu einer Personalunion der beiden Staaten. Aus dieser dann die langsame Einverleibung in das Androische Reich entsteht. Bis zur Gr\u00fcndung der SSU Andro lebt das Volk gl\u00fccklich und zufrieden. Die Kommunisten enteigneten den Adel und somit auch die Gischtabat-Bailows. Nach der Neugr\u00fcndung des Zarenreiches bekommen sie ihr Verm\u00f6gen und vorallem ihr Land zur\u00fcck. Aber der meiste Teil des Verm\u00f6gens ist irgendwo in den Taschen der korrupten Kommunisten verschwunden und nie wieder aufgetaucht. Ribir ist heute bekannt f\u00fcr seine atemberaubende Landschaft, die \u00d6lbohrt\u00fcrme, den Jakadisee sowie die Berge. Ansonst gibt es im frostigen Boden nicht viel zu holen.<\/p>\n","protected":false},"excerpt":{"rendered":"<p>Die Geschichte beginnt im sechsten Jahrhundert, als nomadisierende St\u00e4mme beginnen sich im heutigen Ribirskia niederzulassen. Durch einige Kriege mit dem im S\u00fcden lebenden Krolockern verlagerte sich die Grenze etwas weiter ins Landesinnere. Nach und nach ensteht ein Hierarchisches System mit dem Stammesf\u00fcrsten als Oberhaupt. Der erste Stammesf\u00fcrst war Nikolaj (854-930). Es enstehen verschiedene Familien, welche [&hellip;]<\/p>\n","protected":false},"author":2,"featured_media":0,"parent":0,"menu_order":0,"comment_status":"closed","ping_status":"closed","template":"","meta":{"footnotes":""},"class_list":["post-246","page","type-page","status-publish","hentry"],"_links":{"self":[{"href":"https:\/\/andro.mikronation.de\/wordpress\/index.php?rest_route=\/wp\/v2\/pages\/246","targetHints":{"allow":["GET"]}}],"collection":[{"href":"https:\/\/andro.mikronation.de\/wordpress\/index.php?rest_route=\/wp\/v2\/pages"}],"about":[{"href":"https:\/\/andro.mikronation.de\/wordpress\/index.php?rest_route=\/wp\/v2\/types\/page"}],"author":[{"embeddable":true,"href":"https:\/\/andro.mikronation.de\/wordpress\/index.php?rest_route=\/wp\/v2\/users\/2"}],"replies":[{"embeddable":true,"href":"https:\/\/andro.mikronation.de\/wordpress\/index.php?rest_route=%2Fwp%2Fv2%2Fcomments&post=246"}],"version-history":[{"count":1,"href":"https:\/\/andro.mikronation.de\/wordpress\/index.php?rest_route=\/wp\/v2\/pages\/246\/revisions"}],"predecessor-version":[{"id":247,"href":"https:\/\/andro.mikronation.de\/wordpress\/index.php?rest_route=\/wp\/v2\/pages\/246\/revisions\/247"}],"wp:attachment":[{"href":"https:\/\/andro.mikronation.de\/wordpress\/index.php?rest_route=%2Fwp%2Fv2%2Fmedia&parent=246"}],"curies":[{"name":"wp","href":"https:\/\/api.w.org\/{rel}","templated":true}]}}