{"id":241,"date":"2020-08-31T18:37:25","date_gmt":"2020-08-31T18:37:25","guid":{"rendered":"http:\/\/andro.mikronation.de\/wordpress\/?page_id=241"},"modified":"2020-08-31T18:37:25","modified_gmt":"2020-08-31T18:37:25","slug":"wiltuwija","status":"publish","type":"page","link":"https:\/\/andro.mikronation.de\/wordpress\/?page_id=241","title":{"rendered":"Wiltuwija"},"content":{"rendered":"<p><strong>Geographie<\/strong><br \/>\nWiltuwija besteht im Wesentlichen aus drei historischen Regionen.<\/p>\n<p><strong>Geschichte<\/strong><br \/>\nNach der Legende soll Jakowgrad um das Jahr 608 n.Chr vom Karelf\u00fcrst Bastorus(andro. Bastov) gegr\u00fcndet worden sein. Als die Schlacht in Nerus (heute die 8000 Ew. gro\u00dfe Stadt Nakovik 68 km s\u00fcdlich von Jakovgrad) f\u00fcr Bastorus gegen Georg III zu verlieren drohte, floh er mit seinen letzten 600 Mann nach Norden um sich in seiner Burg(Standort unbekannt) zu retten. Doch die Armee des Karelf\u00fcrsten Georg III, die mit ihren Pferden der Truppe von Bastorus immer n\u00e4her kommt, bleiben bei einem Sturmregen im Schlamm stecken, die leichte ungepanzerte Truppe von Bastorus konnte fliehen und landet in die Flussm\u00fcndung des Jakov. Um sich dort erstmal in Sicherheit zubringen wird dort eine Festung errichtet die darauf in den n\u00e4chsten Jahrhunderten zu einer der gr\u00f6\u00dften St\u00e4dte von Andro anw\u00e4chst. In den darauf folgenden 200 Jahren wuchs Jakovgrad zu einer kleinen Stadt heran.<br \/>\nBereits 746 n. Chr. erkl\u00e4rte Bastorus V Jakovgrad zur Regierungspunkt seines F\u00fcrstentums. Da die Festung durch ihre Position f\u00fcr Bastorus VII 800 n. Chr sehr wichtig war, lies er tausendegregorische K von Soldaten nach Jakovgrad bringen. Doch die Soldaten kamen nicht allein, sie brachten ihre ganze Familie mit, wodurch die Ortschaft zur Stadt wuchs. 812 n. Chr. war sie mit 22.000 Einwohner die gr\u00f6\u00dfte Stadt der Karolf\u00fcrsten und als 819 n. Chr. der letzte Konflikt f\u00fcr die folgenden 150 Jahre beendet wurde, entstand ein f\u00fcr damalige Verh\u00e4ltnise, gigantisches Wirtschaftssystem in dem Jakovgrad mit seinem gro\u00dfen Hafen schnell und viel Geld machte. Als Savan II, Karolf\u00fcrst \u00fcber Laskov (das heutige Vostok) 974 n. Chr den anderen 3 Karolf\u00fcrsten den Krieg erkl\u00e4rte begann der Gro\u00dfe Karolkrieg, der 6 Jahre dauern sollte. Als am 04. Februar 980 n. Chr die Mauern der Stadt Jorok (das heutige Voshodorsk) fielen, entstand ein vereintes F\u00fcrstentum das \u00fcber 120 Jahre bestehen sollte.<br \/>\nAls die Armeen von Zar Gregori II 1096 in das Karolf\u00fcrstentum eindringen, begang der &#8222;gregoricher Krieg&#8220; und der Untergang des F\u00fcrstentums. Zwar konnte die Zarenarmee in mehreren Schlachten besiegt werden doch im Jahr 1100 war die Armee ersch\u00f6pft und musste mehrmals der Zarenarmee das Feld r\u00e4umen. Als General Juri Ultov der Zarenarmee vor den Toren der Stadt Jakovgrad steht, glaubt er nicht an eine Eroberung der Stadt. Er schreibt in sein Tagebuch, von den es nur noch Kopien gibt. &#8222;Als ich vor diese Stadt stand, glaube ich eine Stadt der St\u00e4dte zu sehen. Ihre Mauern sind wie Berge und ich hoffe das nicht noch meine Enkeln an ihrem Wall kratzen m\u00fcssen, um sie \u00fcberwinden.&#8220; Als die Stadt nach 4 Jahren doch viel, wird der &#8222;General der den Berg besiegte&#8220; als Held verehrt. Mit der Niederlage von Jakovgrad, einstige Hauptstadt des Karolreiches fiel der Rest des F\u00fcrstentums zusammen. F\u00fcrst Georgus III, letzter F\u00fcrst von Karol wird \u00f6ffentlich in Jakovgrad hingerichtet und die Krone, ein silberner Lorbeerkranz dem Zaren Gregori II aufgesetzt, der sich und seine Nachfahren nun auch &#8222;Gro\u00dff\u00fcrst von Karolreich&#8220; nennt. Ab 1460 regierten die Viltuvijer als neue Majorit\u00e4t und verdr\u00e4ngten die Karolen immer mehr aus dem \u00f6ffentlichen Leben. Das Land selbst war immer ein enger Teil Mostowskajas und wurde 1880 mit Gebietsschenkungen durch den Zaren belohnt. Heute leben in Viltuvija sehr viele Mostowskajer, im S\u00fcden auch noch ethnische Korgowsawen. Die Karolen bilden eine immer kleiner werdene Minderheit. Das Land selbst ist stark vom Seehandel, der Fischwirtschaft und den Raffinerien gepr\u00e4gt. Die Arbeiterschaft und damit der Einfluss von Linken Ideologien ist weit verbreitet.<\/p>\n","protected":false},"excerpt":{"rendered":"<p>Geographie Wiltuwija besteht im Wesentlichen aus drei historischen Regionen. Geschichte Nach der Legende soll Jakowgrad um das Jahr 608 n.Chr vom Karelf\u00fcrst Bastorus(andro. Bastov) gegr\u00fcndet worden sein. Als die Schlacht in Nerus (heute die 8000 Ew. gro\u00dfe Stadt Nakovik 68 km s\u00fcdlich von Jakovgrad) f\u00fcr Bastorus gegen Georg III zu verlieren drohte, floh er mit [&hellip;]<\/p>\n","protected":false},"author":2,"featured_media":0,"parent":0,"menu_order":0,"comment_status":"closed","ping_status":"closed","template":"","meta":{"footnotes":""},"class_list":["post-241","page","type-page","status-publish","hentry"],"_links":{"self":[{"href":"https:\/\/andro.mikronation.de\/wordpress\/index.php?rest_route=\/wp\/v2\/pages\/241","targetHints":{"allow":["GET"]}}],"collection":[{"href":"https:\/\/andro.mikronation.de\/wordpress\/index.php?rest_route=\/wp\/v2\/pages"}],"about":[{"href":"https:\/\/andro.mikronation.de\/wordpress\/index.php?rest_route=\/wp\/v2\/types\/page"}],"author":[{"embeddable":true,"href":"https:\/\/andro.mikronation.de\/wordpress\/index.php?rest_route=\/wp\/v2\/users\/2"}],"replies":[{"embeddable":true,"href":"https:\/\/andro.mikronation.de\/wordpress\/index.php?rest_route=%2Fwp%2Fv2%2Fcomments&post=241"}],"version-history":[{"count":2,"href":"https:\/\/andro.mikronation.de\/wordpress\/index.php?rest_route=\/wp\/v2\/pages\/241\/revisions"}],"predecessor-version":[{"id":243,"href":"https:\/\/andro.mikronation.de\/wordpress\/index.php?rest_route=\/wp\/v2\/pages\/241\/revisions\/243"}],"wp:attachment":[{"href":"https:\/\/andro.mikronation.de\/wordpress\/index.php?rest_route=%2Fwp%2Fv2%2Fmedia&parent=241"}],"curies":[{"name":"wp","href":"https:\/\/api.w.org\/{rel}","templated":true}]}}