{"id":219,"date":"2014-01-14T23:51:00","date_gmt":"2014-01-14T23:51:00","guid":{"rendered":"http:\/\/andro.mikronation.de\/wordpress\/?page_id=219"},"modified":"2020-08-29T23:51:54","modified_gmt":"2020-08-29T23:51:54","slug":"almachistan","status":"publish","type":"page","link":"https:\/\/andro.mikronation.de\/wordpress\/?page_id=219","title":{"rendered":"Almachistan"},"content":{"rendered":"<p>Das Gro\u00dfkhanat Gro\u00dfalmachistan ist eine Provinz innerhalb Andros. Unter dem Zarenreich war es eine assoziierte Krone und war ein treuer Bestandteil der Republik. Die Almachen sind kein slawisches Volk und sehr auf ihre Traditionen besinnt. Der Gro\u00dfteil der Bev\u00f6lkerung lebt in einer Stammesgesellschaft auf dem Land. Weniger, meist J\u00fcngere, leben in den St\u00e4dten, auf der Suche nach einem moderneren Leben. Der Khan genie\u00dft ein sehr gro\u00dfes Ansehen und ist das Vorbild schlechthin f\u00fcr alle Almachen. In Kriegszeiten leisten die almachischen Kosaken ihren Dienst in der androischen Armee. Wirkliche Bedeutung erlangten die Almachen erst, als sie ab 1530 n.Chr. gen Norden drangen und Krolock bedrohten. Ihre schnellen aber leichten Reiter, waren ein ernstes Problem f\u00fcr die krolockischen Soldaten. 1700 griff Andro dann gen S\u00fcden und eroberte langsam das almachische Kernland. Die autorit\u00e4ren Zaren unterjochten lange Zeit die almachische Bev\u00f6lkerung und machten sich ihre wilden Krieger zunutze. Obwohl lange Zeit geknebelt, entwickelten die Almachen doch eine Treue zum Zaren und somit zu Andro. In ihrer Kultur gilt die Autorit\u00e4t des St\u00e4rksten. W\u00e4rend der sozialisistschen Phase erlebte das Land einige &#8222;kulturelle Schocks&#8220;, die vor allem die j\u00fcngeren Generationen betrafen. In der neuen Monarchie erhielt Almachistan schnell Autonomierechte, bannt sich aber weiterhin eng an Andro.<\/p>\n<p>Im Zuge der F\u00f6deralismusreform mit der Provinz Jugo-Vostochnaja zur Provinz Khanat Gro\u00df-Almachistan vereint.<\/p>\n","protected":false},"excerpt":{"rendered":"<p>Das Gro\u00dfkhanat Gro\u00dfalmachistan ist eine Provinz innerhalb Andros. Unter dem Zarenreich war es eine assoziierte Krone und war ein treuer Bestandteil der Republik. Die Almachen sind kein slawisches Volk und sehr auf ihre Traditionen besinnt. Der Gro\u00dfteil der Bev\u00f6lkerung lebt in einer Stammesgesellschaft auf dem Land. Weniger, meist J\u00fcngere, leben in den St\u00e4dten, auf der [&hellip;]<\/p>\n","protected":false},"author":2,"featured_media":0,"parent":0,"menu_order":0,"comment_status":"closed","ping_status":"closed","template":"","meta":{"footnotes":""},"class_list":["post-219","page","type-page","status-publish","hentry"],"_links":{"self":[{"href":"https:\/\/andro.mikronation.de\/wordpress\/index.php?rest_route=\/wp\/v2\/pages\/219","targetHints":{"allow":["GET"]}}],"collection":[{"href":"https:\/\/andro.mikronation.de\/wordpress\/index.php?rest_route=\/wp\/v2\/pages"}],"about":[{"href":"https:\/\/andro.mikronation.de\/wordpress\/index.php?rest_route=\/wp\/v2\/types\/page"}],"author":[{"embeddable":true,"href":"https:\/\/andro.mikronation.de\/wordpress\/index.php?rest_route=\/wp\/v2\/users\/2"}],"replies":[{"embeddable":true,"href":"https:\/\/andro.mikronation.de\/wordpress\/index.php?rest_route=%2Fwp%2Fv2%2Fcomments&post=219"}],"version-history":[{"count":1,"href":"https:\/\/andro.mikronation.de\/wordpress\/index.php?rest_route=\/wp\/v2\/pages\/219\/revisions"}],"predecessor-version":[{"id":220,"href":"https:\/\/andro.mikronation.de\/wordpress\/index.php?rest_route=\/wp\/v2\/pages\/219\/revisions\/220"}],"wp:attachment":[{"href":"https:\/\/andro.mikronation.de\/wordpress\/index.php?rest_route=%2Fwp%2Fv2%2Fmedia&parent=219"}],"curies":[{"name":"wp","href":"https:\/\/api.w.org\/{rel}","templated":true}]}}