{"id":154,"date":"2015-01-24T23:27:33","date_gmt":"2015-01-24T23:27:33","guid":{"rendered":"http:\/\/andro.mikronation.de\/wordpress\/?page_id=154"},"modified":"2020-08-29T23:19:05","modified_gmt":"2020-08-29T23:19:05","slug":"korolewstwo-korgowska","status":"publish","type":"page","link":"https:\/\/andro.mikronation.de\/wordpress\/?page_id=154","title":{"rendered":"Korolewstwo Korgowska"},"content":{"rendered":"<p style=\"text-align: justify;\">Die Provinz Korgowska ist die Kornkammer Andros. In der Vergangenheit trat Korgowska als eher schw\u00e4cheres F\u00fcrstentum auf. Es wurde von den Krolockskis aus seinem urspr\u00fcnglichen Stamnland im heutigen S\u00fcdkorgowska vertrieben und nach Westen gedr\u00e4ngt. Der korgowskawische Adel ging daraufhin 1334 eine dauerhafte Personalunion mit Mostowskaja ein. Mostowskaja und Korgowska verschmolzen fast zu einem Land, da die Adelsfamilien untereinander so stark heirateten, dass es bald faktisch keine reinen korgowkawischen Adelsgeschlechter gab. Durch Mostowskaja unterst\u00fctzt, griff man nun Krolock an und drengte es \u00fcber die Jahrhunderte zur\u00fcck nach Osten. 1460 konnte das alte Stammland zur\u00fcckerobert werden. Seit 1700 besteht Korgowska in seiner heutigen Form.<br \/>\nIn Korgowska leben zum gr\u00f6\u00dften Teil Korgowskawen. Jedoch auch ein Gro\u00dfteil an Viltuvijern, Mostowskajern und Almachen. Die korgowskawische Kultur und Sprache ging gr\u00f6\u00dftenteils in das Mostowskaische \u00fcber bzw. ein. Daher gelten die Korgowskawen heute schon fast mehr als Mostowskajer, statt als eigenst\u00e4ndiges Volk. Durch die Vermischung mit den anderen V\u00f6lkern, gilt Korgowska als stark durchmischt, weltoffen und liberal. Da jedes Volk eigene Br\u00e4uche hat, existiert ein gro\u00dfes Ma\u00df an Vermischung der Kulturen.<br \/>\nKorgowska als ein Teil der Republik, hat den Provinzstatus. Der Zar vergab einst diese Provinz als Knjazestwo an die Famillie Von Krolock. So ist die Provinz nun schon seit \u00fcber tausend Jahren im Besitz dieser Famillie.<br \/>\nDas Land wird faktisch von der Regierung in Koskow geleitet. Korgowska teilt sich in die Gouvernemnte Puranow und Asajow.<\/p>\n<p style=\"text-align: justify;\">Im Zuge der F\u00f6deralismusreform wurde das Zarentum Veriania Teil der Provinz.<\/p>\n<p style=\"text-align: justify;\">Die K\u00f6nigliche Ratsversammlung setzte auf Betreiben von <a title=\"Benutzerprofil von \u00bbIwan Georgowitsch Malechski\u00ab aufrufen\" href=\"http:\/\/andro.mikronation.de\/forum\/index.php?page=User&amp;userID=266&amp;s=2221f9f704e126db6cf360d3eb1ea0ba2a161036\" target=\"_blank\" rel=\"noopener noreferrer\"><span style=\"color: #980100;\">Iwan Georgowitsch Malechski<\/span><\/a>&nbsp;mit dem Gesetz zur Reichsverwesung Zar&nbsp;<a href=\"http:\/\/andro.mikronation.de\/forum\/index.php?page=User&amp;userID=542\" target=\"_blank\" rel=\"noopener noreferrer\">Aleksander Jurjewitsch<\/a> aus dem Hause Ardenberg-Godunow im Januar 2015 ab. Im Anschluss&nbsp;trug&nbsp;die K\u00f6nigliche Ratsversammlung die krolockischen K\u00f6nig&nbsp;Nikolai IV. die Krone an, welcher diese auch annahm und in einer anschlie\u00dfenden Rede an das Volk seinen Willen zur aktiven Regierungsgestaltung<\/p>\n<hr>\n<h6 style=\"text-align: justify;\"><span style=\"color: #808080;\">\u00c4mter:<\/span><\/h6>\n<table border=\"0\">\n<tbody>\n<tr>\n<td valign=\"top\">Korgowskij Zar:<\/td>\n<td valign=\"top\">Nikolai IV. (ab 01\/2015)<br \/>\nAleksander Jurewitsch Ardenberg-Godunow (bis 01\/2015)<\/td>\n<\/tr>\n<\/tbody>\n<\/table>\n<p style=\"text-align: justify;\">\n","protected":false},"excerpt":{"rendered":"<p>Die Provinz Korgowska ist die Kornkammer Andros. In der Vergangenheit trat Korgowska als eher schw\u00e4cheres F\u00fcrstentum auf. Es wurde von den Krolockskis aus seinem urspr\u00fcnglichen Stamnland im heutigen S\u00fcdkorgowska vertrieben und nach Westen gedr\u00e4ngt. Der korgowskawische Adel ging daraufhin 1334 eine dauerhafte Personalunion mit Mostowskaja ein. Mostowskaja und Korgowska verschmolzen fast zu einem Land, da [&hellip;]<\/p>\n","protected":false},"author":2,"featured_media":0,"parent":0,"menu_order":0,"comment_status":"closed","ping_status":"open","template":"","meta":{"footnotes":""},"class_list":["post-154","page","type-page","status-publish","hentry"],"_links":{"self":[{"href":"https:\/\/andro.mikronation.de\/wordpress\/index.php?rest_route=\/wp\/v2\/pages\/154","targetHints":{"allow":["GET"]}}],"collection":[{"href":"https:\/\/andro.mikronation.de\/wordpress\/index.php?rest_route=\/wp\/v2\/pages"}],"about":[{"href":"https:\/\/andro.mikronation.de\/wordpress\/index.php?rest_route=\/wp\/v2\/types\/page"}],"author":[{"embeddable":true,"href":"https:\/\/andro.mikronation.de\/wordpress\/index.php?rest_route=\/wp\/v2\/users\/2"}],"replies":[{"embeddable":true,"href":"https:\/\/andro.mikronation.de\/wordpress\/index.php?rest_route=%2Fwp%2Fv2%2Fcomments&post=154"}],"version-history":[{"count":8,"href":"https:\/\/andro.mikronation.de\/wordpress\/index.php?rest_route=\/wp\/v2\/pages\/154\/revisions"}],"predecessor-version":[{"id":202,"href":"https:\/\/andro.mikronation.de\/wordpress\/index.php?rest_route=\/wp\/v2\/pages\/154\/revisions\/202"}],"wp:attachment":[{"href":"https:\/\/andro.mikronation.de\/wordpress\/index.php?rest_route=%2Fwp%2Fv2%2Fmedia&parent=154"}],"curies":[{"name":"wp","href":"https:\/\/api.w.org\/{rel}","templated":true}]}}