{"id":123,"date":"2015-01-19T20:24:44","date_gmt":"2015-01-19T20:24:44","guid":{"rendered":"http:\/\/andro.mikronation.de\/wordpress\/?page_id=123"},"modified":"2020-08-29T23:49:47","modified_gmt":"2020-08-29T23:49:47","slug":"republik-und-foederation","status":"publish","type":"page","link":"https:\/\/andro.mikronation.de\/wordpress\/?page_id=123","title":{"rendered":"Republik und F\u00f6deration"},"content":{"rendered":"<h3 style=\"text-align: justify;\"><strong>Von der Republik zur F\u00f6deration<\/strong><\/h3>\n<p style=\"text-align: justify;\">Nachdem Zar als Tr\u00e4ger der Tradition und Stabilit\u00e4t, sowie die ARP als staatstragende Partei und somit des Vertrauens weggefallen waren, stand die junge Republik vor gro\u00dfen Erwartungen und Hoffnungen. Es war die letze Staatsform, die Andro annahm.<br \/>\nDer erste Ministerpr\u00e4sident war Morrow, der die Leere des Zaren f\u00fcllen und Andro durch eine Wohlstandsdiktatur einen wollte. Seine Politik der Assimilierung aller heterogenen androischen V\u00f6lker schlug fehl. Dennoch setze er die Generalamnestie f\u00fcr zaristische Putschisten durch, was den Missgunst einer breiten Bev\u00f6lkerungsmasse hervorrief. Die Duma legte daraufhin ein konstruktives Misstrauensvotum gegen Morrow ein und Andrej Kronskij wurde Ministerpr\u00e4sident.<br \/>\nDie n\u00e4chsten Wahlen brachten den Ex-Zaren Iwan Godunow, aka Iwan IV. in das Amt des MP. Er regierte keine 2 Wochen, als er schon, durch eine sehr negative Politik, zur\u00fccktrat.<br \/>\nDie Republik wurde nun erstmals auf die Probe gestellt, als sich Almachistan von Andro lossagte. Dennoch konnte die Republik ihre Souver\u00e4nit\u00e4t bewahren, zu Ungunsten einer Lebensmittelkrise. Der Mangel einer kompetenten Regierung lies die Wirtschaftskrise weiter anwachsen, bis die Preise f\u00fcr Nahrung ins unermessliche stiegen. Als inoffizieller Retter und Einer der Republik trat am 9.11.09 der bisher Oppositionelle Nikita Breschnew auf die B\u00fchne. Er wurde Ministerpr\u00e4sident und setze viele wichtige Reformen durch.<br \/>\nLand, Bev\u00f6lkerung und Wirtschaft beruhigten sich wieder und Andro ist seit dem, so lange wie noch nie, in einer stabilen Phase des politischen und \u00f6konomischen Aufschwungs.<\/p>\n<p>2013 wurde in Andro das Amt des Pr\u00e4sidenten eingef\u00fchrt, 2015 Andro in eine F\u00f6deration umgewandelt.<\/p>\n","protected":false},"excerpt":{"rendered":"<p>Von der Republik zur F\u00f6deration Nachdem Zar als Tr\u00e4ger der Tradition und Stabilit\u00e4t, sowie die ARP als staatstragende Partei und somit des Vertrauens weggefallen waren, stand die junge Republik vor gro\u00dfen Erwartungen und Hoffnungen. Es war die letze Staatsform, die Andro annahm. Der erste Ministerpr\u00e4sident war Morrow, der die Leere des Zaren f\u00fcllen und Andro [&hellip;]<\/p>\n","protected":false},"author":2,"featured_media":0,"parent":0,"menu_order":0,"comment_status":"closed","ping_status":"open","template":"","meta":{"footnotes":""},"class_list":["post-123","page","type-page","status-publish","hentry"],"_links":{"self":[{"href":"https:\/\/andro.mikronation.de\/wordpress\/index.php?rest_route=\/wp\/v2\/pages\/123","targetHints":{"allow":["GET"]}}],"collection":[{"href":"https:\/\/andro.mikronation.de\/wordpress\/index.php?rest_route=\/wp\/v2\/pages"}],"about":[{"href":"https:\/\/andro.mikronation.de\/wordpress\/index.php?rest_route=\/wp\/v2\/types\/page"}],"author":[{"embeddable":true,"href":"https:\/\/andro.mikronation.de\/wordpress\/index.php?rest_route=\/wp\/v2\/users\/2"}],"replies":[{"embeddable":true,"href":"https:\/\/andro.mikronation.de\/wordpress\/index.php?rest_route=%2Fwp%2Fv2%2Fcomments&post=123"}],"version-history":[{"count":2,"href":"https:\/\/andro.mikronation.de\/wordpress\/index.php?rest_route=\/wp\/v2\/pages\/123\/revisions"}],"predecessor-version":[{"id":125,"href":"https:\/\/andro.mikronation.de\/wordpress\/index.php?rest_route=\/wp\/v2\/pages\/123\/revisions\/125"}],"wp:attachment":[{"href":"https:\/\/andro.mikronation.de\/wordpress\/index.php?rest_route=%2Fwp%2Fv2%2Fmedia&parent=123"}],"curies":[{"name":"wp","href":"https:\/\/api.w.org\/{rel}","templated":true}]}}