{"id":119,"date":"2015-01-19T20:11:32","date_gmt":"2015-01-19T20:11:32","guid":{"rendered":"http:\/\/andro.mikronation.de\/wordpress\/?page_id=119"},"modified":"2020-08-29T23:49:27","modified_gmt":"2020-08-29T23:49:27","slug":"parlamentarische-monarchie","status":"publish","type":"page","link":"https:\/\/andro.mikronation.de\/wordpress\/?page_id=119","title":{"rendered":"Parlamentarische Monarchie"},"content":{"rendered":"<p style=\"text-align: justify;\">Die parlamentarische Monarchie war in Andro eine Fortf\u00fchrung der genuinen Linie aus autokratischer Monarchie und dem Element der Demokratie. Der Einfluss der Alliierten nach dem Krieg auf Andro war gro\u00df, vor allem, weil sie die Exilregierung, aus Dreib\u00fcrgen kommend, unterst\u00fctzend und installierten.<a href=\"https:\/\/andro.mikronation.de\/wordpress\/wp-content\/uploads\/2015\/01\/constitutional-monarchy-crest.png\"><img decoding=\"async\" class=\"alignleft size-full wp-image-120\" src=\"https:\/\/andro.mikronation.de\/wordpress\/wp-content\/uploads\/2015\/01\/constitutional-monarchy-crest.png\" alt=\"constitutional-monarchy-crest\" width=\"143\" height=\"150\"><\/a><br \/>\nDiese propagandierte eine demokratische Monarchie, f\u00fcr eine stabile Staatsform, die dennoch die Bed\u00fcrfnisse der Bev\u00f6lkerung befriedigen sollte.<br \/>\nAm 20.7.2007 wurde Andro per Volksabstimmung eine Monarchie, erster Zar wurde Iwan IV.<br \/>\nAber auch die Monarchie erlebte schnell ihre Tiefen, oftmals durch Revolten Linker wie Rechter Kr\u00e4fte.<br \/>\nBer\u00fchmt ist hier der B\u00fcrgerkrieg der w\u00e4hrend der Regentschaft Catherinas III. ausbrach. Kommunisten, Republikaner und Monarchisten k\u00e4mpften um die Macht.<br \/>\nAndro wurde, durch die vielen Unruhen, schnell wieder zum Spielball anderer M\u00e4chte. Diesmal war es das HRR, dass einen Zaren installierte. Nikolaj II. Piotr., der allerdings schon nach 2 Monaten ermordet wurde. Auch sein Sohn Juri I. regierte nicht lange. Grigori I., der Korol (K\u00f6nig) Krolocks schaffte es, dass Land vorl\u00e4ufig zu befrieden. Aber auch er kam nicht um Verfassungs\u00e4nderungen herum, so das am Ende die Konstitution so enorm lang und ddetailliertwar, dass sie mehr L\u00fccken aufwies als sie welche schloss.<br \/>\nGrigori I. dankte ab, sein Nachfolger war sein Cousin Nikolaj III. aus dem Hause Krolock-Stanislaw.<br \/>\nDer letze Zar Andros war weder Lenker noch Denker. Er sa\u00df in seinem Palast und lies die Regierung schalten, einzig allein zur Unterschrift \u00fcbte er sein Amt aus.<br \/>\nAls im Mai 2009 eine Wirtschaftskrise, durch die fehlende Wirtschaftspolitik der Regierung ausbrach, danke er ab. Andro st\u00fcrzte Hals \u00fcber Kopf von der Wirtschaftskrise in eine Politische. Ohne Regierung und Zar waren die B\u00fcrger wutentbrannt und verlangten nun die Republik.<br \/>\nBevor die Volksabstimmung beendet war, schritten pro-zaristische Putschisten ein, konnten aber das Ergebnis nicht beeinflussen. 77% f\u00fcr die Republik.<\/p>\n","protected":false},"excerpt":{"rendered":"<p>Die parlamentarische Monarchie war in Andro eine Fortf\u00fchrung der genuinen Linie aus autokratischer Monarchie und dem Element der Demokratie. Der Einfluss der Alliierten nach dem Krieg auf Andro war gro\u00df, vor allem, weil sie die Exilregierung, aus Dreib\u00fcrgen kommend, unterst\u00fctzend und installierten. Diese propagandierte eine demokratische Monarchie, f\u00fcr eine stabile Staatsform, die dennoch die Bed\u00fcrfnisse [&hellip;]<\/p>\n","protected":false},"author":2,"featured_media":0,"parent":0,"menu_order":0,"comment_status":"closed","ping_status":"open","template":"","meta":{"footnotes":""},"class_list":["post-119","page","type-page","status-publish","hentry"],"_links":{"self":[{"href":"https:\/\/andro.mikronation.de\/wordpress\/index.php?rest_route=\/wp\/v2\/pages\/119","targetHints":{"allow":["GET"]}}],"collection":[{"href":"https:\/\/andro.mikronation.de\/wordpress\/index.php?rest_route=\/wp\/v2\/pages"}],"about":[{"href":"https:\/\/andro.mikronation.de\/wordpress\/index.php?rest_route=\/wp\/v2\/types\/page"}],"author":[{"embeddable":true,"href":"https:\/\/andro.mikronation.de\/wordpress\/index.php?rest_route=\/wp\/v2\/users\/2"}],"replies":[{"embeddable":true,"href":"https:\/\/andro.mikronation.de\/wordpress\/index.php?rest_route=%2Fwp%2Fv2%2Fcomments&post=119"}],"version-history":[{"count":2,"href":"https:\/\/andro.mikronation.de\/wordpress\/index.php?rest_route=\/wp\/v2\/pages\/119\/revisions"}],"predecessor-version":[{"id":216,"href":"https:\/\/andro.mikronation.de\/wordpress\/index.php?rest_route=\/wp\/v2\/pages\/119\/revisions\/216"}],"wp:attachment":[{"href":"https:\/\/andro.mikronation.de\/wordpress\/index.php?rest_route=%2Fwp%2Fv2%2Fmedia&parent=119"}],"curies":[{"name":"wp","href":"https:\/\/api.w.org\/{rel}","templated":true}]}}